{"id":119,"date":"2023-02-16T08:59:10","date_gmt":"2023-02-16T08:59:10","guid":{"rendered":"https:\/\/track.tecnicasreunidas.es\/privacy-policy\/"},"modified":"2023-03-03T09:17:03","modified_gmt":"2023-03-03T09:17:03","slug":"privacy-policy","status":"publish","type":"page","link":"https:\/\/track.tecnicasreunidas.es\/en\/privacy-policy\/","title":{"rendered":"Privacy Policy"},"content":{"rendered":"<div class=\"wpb-content-wrapper\"><div class=\"vc_row wpb_row vc_row-fluid vc_custom_1619372628516\">\n<div class=\"wpb_column vc_column_container vc_col-sm-12\">\n<div class=\"vc_column-inner\">\n<div class=\"wpb_wrapper\">\n<div class=\"wpb_text_column wpb_content_element \">\n<div class=\"wpb_wrapper\">\n<p>Esta pol\u00edtica ha sido publicada por el grupo T\u00c9CNICAS REUNIDAS en nombre propio, de sus empresas filiales, subsidiarias y est\u00e1 dirigida a individuos fuera de la organizaci\u00f3n con los que interactuamos, incluidos visitantes de nuestros sitios web, clientes, personal de clientes corporativos y suministradores y cualquier otro receptor de nuestros servicios.<\/p>\n<p>&nbsp;<\/p>\n<p>El grupo T\u00c9CNICAS REUNIDAS, en adelante \u201cnosotros\u201d pone a disposici\u00f3n de todos los usuarios de nuestro sitio web, la siguiente pol\u00edtica de privacidad, con el objetivo de proporcionar informaci\u00f3n de c\u00f3mo tratamos los datos personales y protegemos la privacidad e informaci\u00f3n personal.<\/p>\n<p>&nbsp;<\/p>\n<p>Le recomendamos que lea detenidamente nuestra pol\u00edtica de privacidad.<\/p>\n<p>&nbsp;<\/p>\n<p>Esta pol\u00edtica puede ser modificada o actualizada de vez en cuando para reflejar cambios en nuestras pr\u00e1cticas con respecto al tratamiento de datos personales o cambios en la ley aplicable. Le animamos a que lea la pol\u00edtica detenidamente y que compruebe la p\u00e1gina web de manera regular para revisar si se han producido cambios de acuerdo con los t\u00e9rminos de esta pol\u00edtica.<\/p>\n<\/div>\n<\/div>\n<section class=\"tr-mod mod-titulo_separador \">\n<h4>1. \u00bfQui\u00e9n es el responsable de los datos?<\/h4>\n<\/section>\n<div class=\"wpb_text_column wpb_content_element \">\n<div class=\"wpb_wrapper\">\n<p>T\u00c9CNICAS REUNIDAS es una corporaci\u00f3n establecida en Espa\u00f1a con la oficina principal situada en Avda. de Burgos, 89 \u2013 Adequa \u2013 Edificio 6, 28050, Madrid, Espa\u00f1a.<\/p>\n<p>&nbsp;<\/p>\n<p>Para garantizar el tratamiento adecuado de sus datos personales, hemos designado un Delegado de Protecci\u00f3n de Datos, al cual puede dirigirse con cualquier consulta relacionada con el tratamiento de datos personales a trav\u00e9s de la direcci\u00f3n\u00a0<a href=\"mailto:privacy@tecnicasreunidas.es\">privacy@tecnicasreunidas.es<\/a><\/p>\n<\/div>\n<\/div>\n<section class=\"tr-mod mod-titulo_separador \">\n<h4>2. \u00bfCon qu\u00e9 finalidad tratamos su informaci\u00f3n personal?<\/h4>\n<\/section>\n<div class=\"wpb_text_column wpb_content_element \">\n<div class=\"wpb_wrapper\">\n<p>La informaci\u00f3n personal que nos proporciona a trav\u00e9s de nuestra p\u00e1gina web puede ser tratada para las siguientes finalidades:<\/p>\n<p>&nbsp;<\/p>\n<ul>\n<li><strong>Contacto<\/strong>:\u00a0Para gestionar los datos de los usuarios que contactan con T\u00c9CNICAS REUNIDAS a trav\u00e9s de nuestra p\u00e1gina web, ya sea a trav\u00e9s de formularios de contacto, llamada telef\u00f3nica, correo electr\u00f3nico o cualquier otro medio. Adicionalmente, sus datos pueden ser tratados con el prop\u00f3sito de mantener el contacto, proporcionar servicios relacionados con clientes y gestionar cualquier solicitud que pueda hacernos llegar a trav\u00e9s de nuestra p\u00e1gina web. T\u00c9CNICAS REUNIDAS adem\u00e1s puede tratar, por los mismos motivos reflejados en el p\u00e1rrafo anterior, los datos personales de usuarios que hayan contactado con nosotros por otros medios que no sean a trav\u00e9s de nuestras p\u00e1ginas web.<\/li>\n<\/ul>\n<\/div>\n<\/div>\n<section class=\"tr-mod mod-titulo_separador \">\n<h4>3. \u00bfQu\u00e9 datos personales son tratados y como se obtiene la informaci\u00f3n?<\/h4>\n<\/section>\n<div class=\"wpb_text_column wpb_content_element \">\n<div class=\"wpb_wrapper\">\n<p>Recogemos los datos personales de las siguientes fuentes:<\/p>\n<p>&nbsp;<\/p>\n<ul>\n<li>Obtenemos sus datos personales cuando nos los facilita (p.e. cuando contacta con nosotros v\u00eda email o tel\u00e9fono o cualquier otro medio como introducir su informaci\u00f3n personal en nuestros formularios de nuestras p\u00e1ginas web).<\/li>\n<li>Obtenemos sus datos personales en el curso habitual de nuestra relaci\u00f3n con Vd. (p.e. durante el proceso de manejo de sus transacciones en nuestra p\u00e1gina web).<\/li>\n<\/ul>\n<p>&nbsp;<\/p>\n<p>Las categor\u00edas de datos personales que tratamos, son las siguientes:<\/p>\n<p>&nbsp;<\/p>\n<ul>\n<li>Datos de contacto: direcci\u00f3n; n\u00famero de tel\u00e9fono y correo electr\u00f3nico.<\/li>\n<\/ul>\n<\/div>\n<\/div>\n<section class=\"tr-mod mod-titulo_separador \">\n<h4>4. \u00bfCu\u00e1l es la legitimaci\u00f3n legal para el tratamiento de sus datos por parte de T\u00c9CNICAS REUNIDAS?<\/h4>\n<\/section>\n<div class=\"wpb_text_column wpb_content_element \">\n<div class=\"wpb_wrapper\">\n<p>T\u00c9CNICAS REUNIDAS trata sus datos personales de acuerdo con las siguientes bases legitimadoras:<\/p>\n<p>&nbsp;<\/p>\n<ul>\n<li>El tratamiento de sus datos personales con la finalidad de \u201ccontacto\u201d se basa en la gesti\u00f3n de la relaci\u00f3n jur\u00eddica establecida entre el usuario y T\u00c9CNICAS REUNIDAS. Esto incluye b\u00e1sicamente gestionar su solicitud, mantenimiento del contacto entre ambas partes y, si es aplicable, la satisfacci\u00f3n del servicio requerido por el usuario.<\/li>\n<\/ul>\n<\/div>\n<\/div>\n<section class=\"tr-mod mod-titulo_separador \">\n<h4>5. Revelaci\u00f3n de datos personales a terceras partes<\/h4>\n<\/section>\n<div class=\"wpb_text_column wpb_content_element \">\n<div class=\"wpb_wrapper\">\n<p>Para alcanzar las finalidades de tratamiento de datos detalladas, T\u00c9CNICAS REUNIDAS no cede o comunica a ninguna tercera entidad los datos personales de sus usuarios recogidos mediante nuestra p\u00e1gina web.<\/p>\n<\/div>\n<\/div>\n<section class=\"tr-mod mod-titulo_separador \">\n<h4>6. \u00bfQu\u00e9 debe garantizarnos al aportar sus datos personales?<\/h4>\n<\/section>\n<div class=\"wpb_text_column wpb_content_element \">\n<div class=\"wpb_wrapper\">\n<p>El usuario garantiza que los datos personales facilitados son verdaderos, exactos, completos y actualizados. El usuario es responsable de cualquier da\u00f1o, directo o indirecto, que sea causado por la falta de cumplimiento con esta obligaci\u00f3n.<\/p>\n<p>&nbsp;<\/p>\n<p>En el caso de que el usuario proporcione datos personales de terceras personas, el usuario garantiza haber informado a dichas terceras personas del contenido de esta pol\u00edtica y obtenido el consentimiento previo para facilitarnos sus datos para la finalidad de tratamiento de que se trate.<\/p>\n<p>&nbsp;<\/p>\n<p>Para aportar sus datos personales debe ser mayor de 18 a\u00f1os. Los usuarios que suministran datos personales a trav\u00e9s de nuestras p\u00e1ginas webs, declaran y garantizan que son mayores de 18 a\u00f1os, siendo totalmente responsables de dicha declaraci\u00f3n.<\/p>\n<\/div>\n<\/div>\n<section class=\"tr-mod mod-titulo_separador \">\n<h4>7. Seguridad de la Informaci\u00f3n<\/h4>\n<\/section>\n<div class=\"wpb_text_column wpb_content_element \">\n<div class=\"wpb_wrapper\">\n<p>En respuesta a la preocupaci\u00f3n de T\u00c9CNICAS REUNIDAS por garantizar la seguridad y confidencialidad de sus datos, se han adoptado los niveles de seguridad requeridos para la protecci\u00f3n de los datos personales y se han instalado los medios t\u00e9cnicos a su alcance para evitar la p\u00e9rdida, mal uso, alteraci\u00f3n, acceso no autorizado y robo de los datos personales facilitados a trav\u00e9s del Sitio Web.<\/p>\n<p>&nbsp;<\/p>\n<p>En todo caso, debe tener en consideraci\u00f3n que las medidas de seguridad en Internet no son inexpugnables.<\/p>\n<\/div>\n<\/div>\n<section class=\"tr-mod mod-titulo_separador \">\n<h4>8. Conservaci\u00f3n de los datos personales<\/h4>\n<\/section>\n<div class=\"wpb_text_column wpb_content_element \">\n<div class=\"wpb_wrapper\">\n<p>Los datos personales ser\u00e1n conservados durante el tiempo que dure la relaci\u00f3n establecida con T\u00c9CNICAS REUNIDAS as\u00ed como durante los plazos legales exigidos.<\/p>\n<p>&nbsp;<\/p>\n<p>Si desea obtener m\u00e1s informaci\u00f3n sobre los plazos de conservaci\u00f3n de datos aplicados en T\u00c9CNICAS REUNIDAS puede ponerse en contacto con nuestro Delegado de Protecci\u00f3n de Datos a trav\u00e9s de\u00a0<a href=\"mailto:privacy@tecnicasreunidas.es\">privacy@tecnicasreunidas.es<\/a><\/p>\n<\/div>\n<\/div>\n<section class=\"tr-mod mod-titulo_separador \">\n<h4>9. Sus derechos legales sobre sus datos personales<\/h4>\n<\/section>\n<div class=\"wpb_text_column wpb_content_element \">\n<div class=\"wpb_wrapper\">\n<p>T\u00c9CNICAS REUNIDAS le informa que tiene derecho a obtener confirmaci\u00f3n sobre si estamos tratando datos personales que le conciernen o no.<\/p>\n<p>&nbsp;<\/p>\n<p>Del mismo modo, T\u00c9CNICAS REUNIDAS le informa que cuenta con los siguientes derechos sobre sus datos de car\u00e1cter personal:<\/p>\n<p>&nbsp;<\/p>\n<ul>\n<li><strong>Acceder a sus datos<\/strong>: Tiene derecho a acceder a sus datos para conocer qu\u00e9 datos personales estamos tratando que le conciernen.<\/li>\n<li><strong>Solicitar la rectificaci\u00f3n o supresi\u00f3n de sus datos<\/strong>: En determinadas circunstancias, tiene derecho a rectificar aquellos datos personales que considere inexactos y que le conciernan, y que sean objeto de tratamiento por parte de T\u00c9CNICAS REUNIDAS, as\u00ed como derecho a solicitar la supresi\u00f3n de sus datos cuando, entre otros motivos, los datos ya no fueran necesarios para los fines que fueron recogidos.<\/li>\n<li><strong>Solicitar la limitaci\u00f3n del tratamiento de sus datos<\/strong>: En determinadas circunstancias, tendr\u00e1 derecho a solicitarnos la limitaci\u00f3n del tratamiento de sus datos, en cuyo caso le informamos que \u00fanicamente conservaremos los datos sobre los que haya solicitado limitaci\u00f3n en el tratamiento para el ejercicio o defensa de reclamaciones.<\/li>\n<li><strong>A la portabilidad de sus datos<\/strong>: En determinadas circunstancias, tendr\u00e1 derecho a recibir los datos personales que le incumban, y que nos haya facilitado, en un formato estructurado de uso com\u00fan y lectura mec\u00e1nica, as\u00ed como a que sean transmitidos por parte de T\u00c9CNICAS REUNIDAS a otro responsable del tratamiento.<\/li>\n<li><strong>Oponerse al tratamiento de sus datos<\/strong>: En determinadas circunstancias y por motivos relacionados con su situaci\u00f3n particular, tendr\u00e1 derecho a oponerse al tratamiento de sus datos en cuyo caso, dejar\u00edamos de tratarlos salvo que debamos continuar haci\u00e9ndolo por motivos leg\u00edtimos imperiosos o para el ejercicio o la defensa de posibles reclamaciones.<\/li>\n<\/ul>\n<p>&nbsp;<\/p>\n<p>Estos derechos podr\u00e1n ser ejercidos mediante escrito que debe remitir, acompa\u00f1ado de copia de su DNI o documento equivalente a T\u00c9CNICA REUNIDAS, Calle Arapiles, 13, 28015 Madrid o bien a\u00a0<a href=\"mailto:privacy@tecnicasreunidas.es\">privacy@tecnicasreunidas.es<\/a><\/p>\n<p>&nbsp;<\/p>\n<p>Finalmente, le informamos que podr\u00e1 presentar reclamaci\u00f3n ante la Autoridad de Control competente en materia de protecci\u00f3n de datos, que en Espa\u00f1a es la Agencia Espa\u00f1ola de Protecci\u00f3n de Datos,\u00a0<a href=\"http:\/\/www.aepd.es\/\">www.aepd.es<\/a>.<\/p>\n<p>&nbsp;<\/p>\n<p>No obstante, en primera instancia, podr\u00e1 presentar reclamaci\u00f3n ante el Delegado de Protecci\u00f3n de Datos, quien resolver\u00e1 la reclamaci\u00f3n en el plazo m\u00e1ximo de dos meses.<\/p>\n<\/div>\n<\/div>\n<section class=\"tr-mod mod-titulo_separador \">\n<h4>10. Cookies<\/h4>\n<\/section>\n<div class=\"wpb_text_column wpb_content_element \">\n<div class=\"wpb_wrapper\">\n<p>Una \u201ccookie\u201d es un fichero que se instala en su dispositivo cuando visita p\u00e1ginas web. Dicho dispositivo recoge informaci\u00f3n sobre su dispositivo, su navegador, sus preferencias y h\u00e1bitos de navegaci\u00f3n.<\/p>\n<p>&nbsp;<\/p>\n<p>Por favor, consulte nuestra Pol\u00edtica de Cookies para obtener m\u00e1s informaci\u00f3n sobre las cookies que instalamos y el modo en que puede gestionarlas.<\/p>\n<\/div>\n<\/div>\n<section class=\"tr-mod mod-titulo_separador \">\n<h4>11. Env\u00edo de datos curriculares al Grupo T\u00c9CNICAS REUNIDAS<\/h4>\n<\/section>\n<div class=\"wpb_text_column wpb_content_element \">\n<div class=\"wpb_wrapper\">\n<p>En caso de que decida remitir su CV a trav\u00e9s de nuestra p\u00e1gina web con la finalidad de formar parte del equipo de T\u00c9CNICAS REUNIDAS, su informaci\u00f3n ser\u00e1 tratada con dicha finalidad exclusivamente y ser\u00e1 conservada durante el per\u00edodo que sea necesario para cumplir con las obligaciones legales y administrativas que nos sean aplicables.<\/p>\n<p>&nbsp;<\/p>\n<p>En cualquier caso, una vez proceda a registrarse y \/ o remitir su CV a trav\u00e9s de la plataforma de empleo habilitada en nuestra p\u00e1gina web, le proporcionaremos informaci\u00f3n detallada sobre el tratamiento de datos de candidatos que realizamos.<\/p>\n<\/div>\n<\/div>\n<section class=\"tr-mod mod-titulo_separador \">\n<h4>12. Detalles de contacto<\/h4>\n<\/section>\n<div class=\"wpb_text_column wpb_content_element \">\n<div class=\"wpb_wrapper\">\n<p>Si tiene cualquier comentario, pregunta y sugerencia sobre la informaci\u00f3n de la presente pol\u00edtica de privacidad o cualquier otro aspecto relativo al tratamiento de sus datos, por favor p\u00f3ngase en contacto con:<\/p>\n<p>&nbsp;<\/p>\n<p>TECNICAS REUNIDAS<\/p>\n<p>&nbsp;<\/p>\n<p>Avda. de Burgos, 89 \u2013 Adequa \u2013 Edificio 6.<br \/>28050 \u2013 Madrid<br \/>Att. Data Protection Officer<br \/>Email:\u00a0<a href=\"mailto:privacy@tecnicasreunidas.es\">privacy@tecnicasreunidas.es<\/a><\/p>\n<\/div>\n<\/div>\n<\/div>\n<\/div>\n<\/div>\n<\/div>\n<\/div>","protected":false},"excerpt":{"rendered":"<p>Esta pol\u00edtica ha sido publicada por el grupo T\u00c9CNICAS REUNIDAS en nombre propio, de sus empresas filiales, subsidiarias y est\u00e1 dirigida a individuos fuera de la organizaci\u00f3n con los que interactuamos, incluidos visitantes de nuestros sitios web, clientes, personal de clientes corporativos y suministradores y cualquier otro receptor de nuestros servicios. &nbsp; El grupo T\u00c9CNICAS [&hellip;]<\/p>\n","protected":false},"author":2,"featured_media":0,"parent":0,"menu_order":0,"comment_status":"closed","ping_status":"open","template":"","meta":{"_acf_changed":false,"footnotes":""},"class_list":["post-119","page","type-page","status-publish","hentry"],"acf":[],"_links":{"self":[{"href":"https:\/\/track.tecnicasreunidas.es\/en\/wp-json\/wp\/v2\/pages\/119","targetHints":{"allow":["GET"]}}],"collection":[{"href":"https:\/\/track.tecnicasreunidas.es\/en\/wp-json\/wp\/v2\/pages"}],"about":[{"href":"https:\/\/track.tecnicasreunidas.es\/en\/wp-json\/wp\/v2\/types\/page"}],"author":[{"embeddable":true,"href":"https:\/\/track.tecnicasreunidas.es\/en\/wp-json\/wp\/v2\/users\/2"}],"replies":[{"embeddable":true,"href":"https:\/\/track.tecnicasreunidas.es\/en\/wp-json\/wp\/v2\/comments?post=119"}],"version-history":[{"count":1,"href":"https:\/\/track.tecnicasreunidas.es\/en\/wp-json\/wp\/v2\/pages\/119\/revisions"}],"predecessor-version":[{"id":120,"href":"https:\/\/track.tecnicasreunidas.es\/en\/wp-json\/wp\/v2\/pages\/119\/revisions\/120"}],"wp:attachment":[{"href":"https:\/\/track.tecnicasreunidas.es\/en\/wp-json\/wp\/v2\/media?parent=119"}],"curies":[{"name":"wp","href":"https:\/\/api.w.org\/{rel}","templated":true}]}}